{"id":13739,"date":"2022-10-19T15:56:14","date_gmt":"2022-10-19T13:56:14","guid":{"rendered":"https:\/\/dfcme.me\/video\/"},"modified":"2022-10-28T08:35:56","modified_gmt":"2022-10-28T06:35:56","slug":"video","status":"publish","type":"page","link":"https:\/\/dfc.me\/en\/multimedia\/video\/","title":{"rendered":"Video"},"content":{"rendered":"\t\t<div data-elementor-type=\"wp-page\" data-elementor-id=\"13739\" class=\"elementor elementor-13739 elementor-12270\" data-elementor-post-type=\"page\">\n\t\t\t\t\t\t<section class=\"elementor-section elementor-top-section elementor-element elementor-element-a673f61 elementor-section-content-middle elementor-section-boxed elementor-section-height-default elementor-section-height-default\" data-id=\"a673f61\" data-element_type=\"section\" data-e-type=\"section\" data-settings=\"{&quot;jet_parallax_layout_list&quot;:[]}\">\n\t\t\t\t\t\t<div class=\"elementor-container elementor-column-gap-wide\">\n\t\t\t\t\t<div class=\"elementor-column elementor-col-100 elementor-top-column elementor-element elementor-element-fdc857b\" data-id=\"fdc857b\" data-element_type=\"column\" data-e-type=\"column\">\n\t\t\t<div class=\"elementor-widget-wrap elementor-element-populated\">\n\t\t\t\t\t\t<div class=\"elementor-element elementor-element-d3d4ef5 elementor-widget elementor-widget-jet-smart-filters-color-image\" data-id=\"d3d4ef5\" data-element_type=\"widget\" data-e-type=\"widget\" data-widget_type=\"jet-smart-filters-color-image.default\">\n\t\t\t\t<div class=\"elementor-widget-container\">\n\t\t\t\t\t<div class=\"jet-smart-filters-color-image jet-filter \" data-indexer-rule=\"show\" data-show-counter=\"\" data-change-counter=\"always\"><div class=\"jet-color-image-list\" data-query-type=\"tax_query\" data-query-var=\"kategorija\" data-smart-filter=\"color-image\" data-filter-id=\"13923\" data-apply-type=\"ajax\" data-content-provider=\"jet-engine\" data-additional-providers=\"\" data-query-id=\"default\" data-active-label=\"\" data-layout-options=\"{&quot;show_label&quot;:&quot;&quot;,&quot;display_options&quot;:{&quot;show_items_label&quot;:&quot;yes&quot;,&quot;show_decorator&quot;:false,&quot;filter_image_size&quot;:&quot;full&quot;,&quot;show_counter&quot;:false}}\" data-query-var-suffix=\"\" data-apply-on=\"value\"><form class=\"jet-color-image-list-wrapper\"><fieldset><legend style=\"display:none;\">Video Category Filter<\/legend><div class=\"jet-color-image-list__row jet-filter-row\">\n\t<label class=\"jet-color-image-list__item\" >\n\t\t<input\n\t\t\ttype=\"checkbox\"\n\t\t\tclass=\"jet-color-image-list__input\"\n\t\t\tname=\"kategorija\"\n\t\t\tvalue=\"50\"\n\t\t\tdata-label=\"Video\"\n\t\t\t\t\t\taria-label=\"Video\"\n\t\t\t\t\t>\n\t\t<div class=\"jet-color-image-list__button\">\n\t\t\t\t\t\t\t<span class=\"jet-color-image-list__decorator\">\n\t\t\t\t\t\t\t\t\t\t\t\t\t\t\t\t<span class=\"jet-color-image-list__image\"><img decoding=\"async\" src=\"https:\/\/dfc.me\/wp-content\/uploads\/video-camera.png\" alt=\"Video\"><\/span>\n\t\t\t\t\t\t\t\t\t<\/span>\n\t\t\t\t\t\t\t\t\t\t<span class=\"jet-color-image-list__label\">Video<\/span>\n\t\t\t\t\t\t\t\t<\/div>\n\t<\/label>\n<\/div><div class=\"jet-color-image-list__row jet-filter-row\">\n\t<label class=\"jet-color-image-list__item\" >\n\t\t<input\n\t\t\ttype=\"checkbox\"\n\t\t\tclass=\"jet-color-image-list__input\"\n\t\t\tname=\"kategorija\"\n\t\t\tvalue=\"68\"\n\t\t\tdata-label=\"Podcast\"\n\t\t\t\t\t\taria-label=\"Podcast\"\n\t\t\t\t\t>\n\t\t<div class=\"jet-color-image-list__button\">\n\t\t\t\t\t\t\t<span class=\"jet-color-image-list__decorator\">\n\t\t\t\t\t\t\t\t\t\t\t\t\t\t\t\t<span class=\"jet-color-image-list__image\"><img decoding=\"async\" src=\"https:\/\/dfc.me\/wp-content\/uploads\/video-camera.png\" alt=\"Podcast\"><\/span>\n\t\t\t\t\t\t\t\t\t<\/span>\n\t\t\t\t\t\t\t\t\t\t<span class=\"jet-color-image-list__label\">Podcast<\/span>\n\t\t\t\t\t\t\t\t<\/div>\n\t<\/label>\n<\/div><div class=\"jet-color-image-list__row jet-filter-row\">\n\t<label class=\"jet-color-image-list__item\" >\n\t\t<input\n\t\t\ttype=\"checkbox\"\n\t\t\tclass=\"jet-color-image-list__input\"\n\t\t\tname=\"kategorija\"\n\t\t\tvalue=\"69\"\n\t\t\tdata-label=\"Other\"\n\t\t\t\t\t\taria-label=\"Other\"\n\t\t\t\t\t>\n\t\t<div class=\"jet-color-image-list__button\">\n\t\t\t\t\t\t\t<span class=\"jet-color-image-list__decorator\">\n\t\t\t\t\t\t\t\t\t\t\t\t\t\t\t\t<span class=\"jet-color-image-list__image\"><img decoding=\"async\" src=\"https:\/\/dfc.me\/wp-content\/uploads\/video-camera.png\" alt=\"Other\"><\/span>\n\t\t\t\t\t\t\t\t\t<\/span>\n\t\t\t\t\t\t\t\t\t\t<span class=\"jet-color-image-list__label\">Other<\/span>\n\t\t\t\t\t\t\t\t<\/div>\n\t<\/label>\n<\/div><\/fieldset><\/form><\/div>\n<\/div>\t\t\t\t<\/div>\n\t\t\t\t<\/div>\n\t\t\t\t<div class=\"elementor-element elementor-element-5738c32 elementor-widget elementor-widget-jet-listing-grid\" data-id=\"5738c32\" data-element_type=\"widget\" data-e-type=\"widget\" data-settings=\"{&quot;columns&quot;:3,&quot;columns_mobile&quot;:&quot;1&quot;}\" data-widget_type=\"jet-listing-grid.default\">\n\t\t\t\t<div class=\"elementor-widget-container\">\n\t\t\t\t\t<div class=\"jet-listing-grid jet-listing\"><div class=\"jet-listing-grid__items grid-col-desk-3 grid-col-tablet-3 grid-col-mobile-1 jet-listing-grid--12369 jet-equal-columns__wrapper\" data-queried-id=\"13739|WP_Post\" data-nav=\"{&quot;enabled&quot;:true,&quot;type&quot;:&quot;scroll&quot;,&quot;more_el&quot;:null,&quot;query&quot;:{&quot;post_status&quot;:[&quot;publish&quot;],&quot;post_type&quot;:&quot;video&quot;,&quot;posts_per_page&quot;:&quot;15&quot;,&quot;paged&quot;:&quot;1&quot;,&quot;ignore_sticky_posts&quot;:&quot;1&quot;,&quot;tax_query&quot;:[],&quot;suppress_filters&quot;:false,&quot;jet_smart_filters&quot;:&quot;jet-engine\\\/default&quot;},&quot;widget_settings&quot;:{&quot;lisitng_id&quot;:12369,&quot;posts_num&quot;:15,&quot;columns&quot;:3,&quot;columns_tablet&quot;:3,&quot;columns_mobile&quot;:1,&quot;is_archive_template&quot;:&quot;&quot;,&quot;post_status&quot;:[&quot;publish&quot;],&quot;use_random_posts_num&quot;:&quot;&quot;,&quot;max_posts_num&quot;:9,&quot;not_found_message&quot;:&quot;No data was found&quot;,&quot;is_masonry&quot;:false,&quot;equal_columns_height&quot;:&quot;yes&quot;,&quot;use_load_more&quot;:&quot;yes&quot;,&quot;load_more_id&quot;:&quot;&quot;,&quot;load_more_type&quot;:&quot;scroll&quot;,&quot;load_more_offset&quot;:{&quot;unit&quot;:&quot;px&quot;,&quot;size&quot;:0,&quot;sizes&quot;:[]},&quot;use_custom_post_types&quot;:&quot;&quot;,&quot;custom_post_types&quot;:[],&quot;hide_widget_if&quot;:&quot;&quot;,&quot;carousel_enabled&quot;:&quot;&quot;,&quot;slides_to_scroll&quot;:&quot;1&quot;,&quot;arrows&quot;:&quot;true&quot;,&quot;arrow_icon&quot;:&quot;fa fa-angle-left&quot;,&quot;dots&quot;:&quot;&quot;,&quot;autoplay&quot;:&quot;true&quot;,&quot;pause_on_hover&quot;:&quot;true&quot;,&quot;autoplay_speed&quot;:5000,&quot;infinite&quot;:&quot;true&quot;,&quot;center_mode&quot;:&quot;&quot;,&quot;effect&quot;:&quot;slide&quot;,&quot;speed&quot;:500,&quot;inject_alternative_items&quot;:&quot;&quot;,&quot;injection_items&quot;:[],&quot;scroll_slider_enabled&quot;:&quot;&quot;,&quot;scroll_slider_on&quot;:[&quot;desktop&quot;,&quot;tablet&quot;,&quot;mobile&quot;],&quot;custom_query&quot;:false,&quot;custom_query_id&quot;:&quot;&quot;,&quot;_element_id&quot;:&quot;&quot;,&quot;collapse_first_last_gap&quot;:false,&quot;list_items_wrapper_tag&quot;:&quot;div&quot;,&quot;list_item_tag&quot;:&quot;div&quot;,&quot;empty_items_wrapper_tag&quot;:&quot;div&quot;}}\" data-page=\"1\" data-pages=\"1\" data-listing-source=\"posts\" data-listing-id=\"12369\" data-query-id=\"\"><div class=\"jet-listing-grid__item jet-listing-dynamic-post-13659 jet-equal-columns\" data-post-id=\"13659\" ><div class=\"jet-engine-listing-overlay-wrap\" data-url=\"https:\/\/dfc.me\/en\/video\/dfc-video-explainer-what-are-the-consequences-of-disinformation\/\">\t\t<div data-elementor-type=\"jet-listing-items\" data-elementor-id=\"12369\" class=\"elementor elementor-12369\" data-elementor-post-type=\"jet-engine\">\n\t\t\t\t\t\t<section class=\"elementor-section elementor-top-section elementor-element elementor-element-b85caf2 elementor-section-boxed elementor-section-height-default elementor-section-height-default\" data-id=\"b85caf2\" data-element_type=\"section\" data-e-type=\"section\" data-settings=\"{&quot;jet_parallax_layout_list&quot;:[]}\">\n\t\t\t\t\t\t<div class=\"elementor-container elementor-column-gap-no\">\n\t\t\t\t\t<div class=\"elementor-column elementor-col-100 elementor-top-column elementor-element elementor-element-81e2122\" data-id=\"81e2122\" data-element_type=\"column\" data-e-type=\"column\">\n\t\t\t<div class=\"elementor-widget-wrap elementor-element-populated\">\n\t\t\t\t\t\t<div class=\"elementor-element elementor-element-2dfb327 e-transform elementor-widget elementor-widget-jet-listing-dynamic-image\" data-id=\"2dfb327\" data-element_type=\"widget\" data-e-type=\"widget\" data-settings=\"{&quot;_transform_scale_effect_hover&quot;:{&quot;unit&quot;:&quot;px&quot;,&quot;size&quot;:1.05,&quot;sizes&quot;:[]}}\" data-widget_type=\"jet-listing-dynamic-image.default\">\n\t\t\t\t<div class=\"elementor-widget-container\">\n\t\t\t\t\t<div class=\"jet-listing jet-listing-dynamic-image\"><a href=\"https:\/\/dfc.me\/en\/video\/dfc-video-explainer-what-are-the-consequences-of-disinformation\/\" class=\"jet-listing-dynamic-image__link\"><img fetchpriority=\"high\" decoding=\"async\" width=\"1140\" height=\"510\" src=\"https:\/\/dfc.me\/wp-content\/uploads\/Screenshot_2022-10-25_171002_1140x510.png\" class=\"jet-listing-dynamic-image__img attachment-full size-full wp-post-image\" alt=\"Screenshot_2022-10-25_171002_1140x510\" loading=\"eager\" \/><\/a><\/div>\t\t\t\t<\/div>\n\t\t\t\t<\/div>\n\t\t\t\t<div class=\"elementor-element elementor-element-d31be9e elementor-widget elementor-widget-jet-listing-dynamic-field\" data-id=\"d31be9e\" data-element_type=\"widget\" data-e-type=\"widget\" data-widget_type=\"jet-listing-dynamic-field.default\">\n\t\t\t\t<div class=\"elementor-widget-container\">\n\t\t\t\t\t<div class=\"jet-listing jet-listing-dynamic-field display-inline\"><div class=\"jet-listing-dynamic-field__inline-wrap\"><div class=\"jet-listing-dynamic-field__content\">DFC Video Explainer: What are the consequences of disinformation?<\/div><\/div><\/div>\t\t\t\t<\/div>\n\t\t\t\t<\/div>\n\t\t\t\t\t<\/div>\n\t\t<\/div>\n\t\t\t\t\t<\/div>\n\t\t<\/section>\n\t\t\t\t<\/div>\n\t\t<a href=\"https:\/\/dfc.me\/en\/video\/dfc-video-explainer-what-are-the-consequences-of-disinformation\/\" class=\"jet-engine-listing-overlay-link\"><\/a><\/div><\/div><div class=\"jet-listing-grid__item jet-listing-dynamic-post-13656 jet-equal-columns\" data-post-id=\"13656\" ><div class=\"jet-engine-listing-overlay-wrap\" data-url=\"https:\/\/dfc.me\/en\/video\/dfc-video-explainer-how-disinformation-spreads\/\">\t\t<div data-elementor-type=\"jet-listing-items\" data-elementor-id=\"12369\" class=\"elementor elementor-12369\" data-elementor-post-type=\"jet-engine\">\n\t\t\t\t\t\t<section class=\"elementor-section elementor-top-section elementor-element elementor-element-b85caf2 elementor-section-boxed elementor-section-height-default elementor-section-height-default\" data-id=\"b85caf2\" data-element_type=\"section\" data-e-type=\"section\" data-settings=\"{&quot;jet_parallax_layout_list&quot;:[]}\">\n\t\t\t\t\t\t<div class=\"elementor-container elementor-column-gap-no\">\n\t\t\t\t\t<div class=\"elementor-column elementor-col-100 elementor-top-column elementor-element elementor-element-81e2122\" data-id=\"81e2122\" data-element_type=\"column\" data-e-type=\"column\">\n\t\t\t<div class=\"elementor-widget-wrap elementor-element-populated\">\n\t\t\t\t\t\t<div class=\"elementor-element elementor-element-2dfb327 e-transform elementor-widget elementor-widget-jet-listing-dynamic-image\" data-id=\"2dfb327\" data-element_type=\"widget\" data-e-type=\"widget\" data-settings=\"{&quot;_transform_scale_effect_hover&quot;:{&quot;unit&quot;:&quot;px&quot;,&quot;size&quot;:1.05,&quot;sizes&quot;:[]}}\" data-widget_type=\"jet-listing-dynamic-image.default\">\n\t\t\t\t<div class=\"elementor-widget-container\">\n\t\t\t\t\t<div class=\"jet-listing jet-listing-dynamic-image\"><a href=\"https:\/\/dfc.me\/en\/video\/dfc-video-explainer-how-disinformation-spreads\/\" class=\"jet-listing-dynamic-image__link\"><img decoding=\"async\" width=\"1140\" height=\"510\" src=\"https:\/\/dfc.me\/wp-content\/uploads\/rsz_cover_2-1.png\" class=\"jet-listing-dynamic-image__img attachment-full size-full wp-post-image\" alt=\"rsz_cover_2\" loading=\"eager\" \/><\/a><\/div>\t\t\t\t<\/div>\n\t\t\t\t<\/div>\n\t\t\t\t<div class=\"elementor-element elementor-element-d31be9e elementor-widget elementor-widget-jet-listing-dynamic-field\" data-id=\"d31be9e\" data-element_type=\"widget\" data-e-type=\"widget\" data-widget_type=\"jet-listing-dynamic-field.default\">\n\t\t\t\t<div class=\"elementor-widget-container\">\n\t\t\t\t\t<div class=\"jet-listing jet-listing-dynamic-field display-inline\"><div class=\"jet-listing-dynamic-field__inline-wrap\"><div class=\"jet-listing-dynamic-field__content\">DFC Video Explainer: How disinformation spreads ?<\/div><\/div><\/div>\t\t\t\t<\/div>\n\t\t\t\t<\/div>\n\t\t\t\t\t<\/div>\n\t\t<\/div>\n\t\t\t\t\t<\/div>\n\t\t<\/section>\n\t\t\t\t<\/div>\n\t\t<a href=\"https:\/\/dfc.me\/en\/video\/dfc-video-explainer-how-disinformation-spreads\/\" class=\"jet-engine-listing-overlay-link\"><\/a><\/div><\/div><div class=\"jet-listing-grid__item jet-listing-dynamic-post-13653 jet-equal-columns\" data-post-id=\"13653\" ><div class=\"jet-engine-listing-overlay-wrap\" data-url=\"https:\/\/dfc.me\/en\/video\/dfc-video-explainer-what-is-disinformation\/\">\t\t<div data-elementor-type=\"jet-listing-items\" data-elementor-id=\"12369\" class=\"elementor elementor-12369\" data-elementor-post-type=\"jet-engine\">\n\t\t\t\t\t\t<section class=\"elementor-section elementor-top-section elementor-element elementor-element-b85caf2 elementor-section-boxed elementor-section-height-default elementor-section-height-default\" data-id=\"b85caf2\" data-element_type=\"section\" data-e-type=\"section\" data-settings=\"{&quot;jet_parallax_layout_list&quot;:[]}\">\n\t\t\t\t\t\t<div class=\"elementor-container elementor-column-gap-no\">\n\t\t\t\t\t<div class=\"elementor-column elementor-col-100 elementor-top-column elementor-element elementor-element-81e2122\" data-id=\"81e2122\" data-element_type=\"column\" data-e-type=\"column\">\n\t\t\t<div class=\"elementor-widget-wrap elementor-element-populated\">\n\t\t\t\t\t\t<div class=\"elementor-element elementor-element-2dfb327 e-transform elementor-widget elementor-widget-jet-listing-dynamic-image\" data-id=\"2dfb327\" data-element_type=\"widget\" data-e-type=\"widget\" data-settings=\"{&quot;_transform_scale_effect_hover&quot;:{&quot;unit&quot;:&quot;px&quot;,&quot;size&quot;:1.05,&quot;sizes&quot;:[]}}\" data-widget_type=\"jet-listing-dynamic-image.default\">\n\t\t\t\t<div class=\"elementor-widget-container\">\n\t\t\t\t\t<div class=\"jet-listing jet-listing-dynamic-image\"><a href=\"https:\/\/dfc.me\/en\/video\/dfc-video-explainer-what-is-disinformation\/\" class=\"jet-listing-dynamic-image__link\"><img decoding=\"async\" width=\"1140\" height=\"510\" src=\"https:\/\/dfc.me\/wp-content\/uploads\/Screenshot_2022-10-25_170839_1140x510.png\" class=\"jet-listing-dynamic-image__img attachment-full size-full wp-post-image\" alt=\"Screenshot_2022-10-25_170839_1140x510\" loading=\"eager\" \/><\/a><\/div>\t\t\t\t<\/div>\n\t\t\t\t<\/div>\n\t\t\t\t<div class=\"elementor-element elementor-element-d31be9e elementor-widget elementor-widget-jet-listing-dynamic-field\" data-id=\"d31be9e\" data-element_type=\"widget\" data-e-type=\"widget\" data-widget_type=\"jet-listing-dynamic-field.default\">\n\t\t\t\t<div class=\"elementor-widget-container\">\n\t\t\t\t\t<div class=\"jet-listing jet-listing-dynamic-field display-inline\"><div class=\"jet-listing-dynamic-field__inline-wrap\"><div class=\"jet-listing-dynamic-field__content\">DFC Video Explainer: What is disinformation ?<\/div><\/div><\/div>\t\t\t\t<\/div>\n\t\t\t\t<\/div>\n\t\t\t\t\t<\/div>\n\t\t<\/div>\n\t\t\t\t\t<\/div>\n\t\t<\/section>\n\t\t\t\t<\/div>\n\t\t<a href=\"https:\/\/dfc.me\/en\/video\/dfc-video-explainer-what-is-disinformation\/\" class=\"jet-engine-listing-overlay-link\"><\/a><\/div><\/div><\/div><\/div>\t\t\t\t<\/div>\n\t\t\t\t<\/div>\n\t\t\t\t\t<\/div>\n\t\t<\/div>\n\t\t\t\t\t<\/div>\n\t\t<\/section>\n\t\t\t\t<\/div>\n\t\t","protected":false},"excerpt":{"rendered":"<p>Video Podkast Ostalo Podkastom protiv la\u017enih vijesti 03: Strane dezinformacije u Crnoj Gori Podkastom protiv la\u017enih vijesti 02: Dezinformacije u izbornim ciklusima Podkastom protiv la\u017enih vijesti 01: Dezinformacije 101 Pod lupom 005: Milivoje Pantovi\u0107 Pod lupom 004: Darko Brkan DFC video explainer: Do \u010dega dovode dezinformacije? DFC video explainer: Kako se \u0161ire dezinformacije? DFC video [&hellip;]<\/p>\n","protected":false},"author":1,"featured_media":0,"parent":13754,"menu_order":0,"comment_status":"closed","ping_status":"closed","template":"elementor_header_footer","meta":{"_seopress_robots_primary_cat":"","_seopress_titles_title":"","_seopress_titles_desc":"","_seopress_robots_index":"","footnotes":""},"class_list":["post-13739","page","type-page","status-publish","hentry"],"_links":{"self":[{"href":"https:\/\/dfc.me\/en\/wp-json\/wp\/v2\/pages\/13739","targetHints":{"allow":["GET"]}}],"collection":[{"href":"https:\/\/dfc.me\/en\/wp-json\/wp\/v2\/pages"}],"about":[{"href":"https:\/\/dfc.me\/en\/wp-json\/wp\/v2\/types\/page"}],"author":[{"embeddable":true,"href":"https:\/\/dfc.me\/en\/wp-json\/wp\/v2\/users\/1"}],"replies":[{"embeddable":true,"href":"https:\/\/dfc.me\/en\/wp-json\/wp\/v2\/comments?post=13739"}],"version-history":[{"count":0,"href":"https:\/\/dfc.me\/en\/wp-json\/wp\/v2\/pages\/13739\/revisions"}],"up":[{"embeddable":true,"href":"https:\/\/dfc.me\/en\/wp-json\/wp\/v2\/pages\/13754"}],"wp:attachment":[{"href":"https:\/\/dfc.me\/en\/wp-json\/wp\/v2\/media?parent=13739"}],"curies":[{"name":"wp","href":"https:\/\/api.w.org\/{rel}","templated":true}]}}